{"id":2544,"date":"2022-02-24T12:23:49","date_gmt":"2022-02-24T11:23:49","guid":{"rendered":"https:\/\/pzk.ovh\/?page_id=2544"},"modified":"2024-05-15T16:26:25","modified_gmt":"2024-05-15T14:26:25","slug":"kontakt","status":"publish","type":"page","link":"https:\/\/pzk.ovh\/?page_id=2544","title":{"rendered":"Kontakt"},"content":{"rendered":"\n<div class=\"wp-block-uagb-advanced-heading uagb-block-eb812147\"><h2 class=\"uagb-heading-text\">Dane kontaktowe<\/h2><div class=\"uagb-separator\"><\/div><p class=\"uagb-desc-text\"><strong>Adres korespondencyjny: <\/strong>Andrzej Cha\u0142ubiec, O\u015brodek Radia Studenckiego, <br>44-100 Gliwice,  ul. \u0141u\u017cycka 30<br><strong> Telefon do OT: <\/strong>600 653 310 &#8211; SQ9DXN -prezes OT50<br><strong> Strona WWW:<\/strong> pzk.ovh<br><strong> E-mail: <\/strong>pzk.gliwice(o)gmail.com<br><strong>Prezes-E-mail<\/strong>: sq9dxn(o)poczta.fm<br><strong> Numer rachunku bankowego: <\/strong>22 1140 1010 0000 3533 4800 1024<\/p><\/div>\n","protected":false},"excerpt":{"rendered":"<p>Dane kontaktowe Adres korespondencyjny: Andrzej Cha\u0142ubiec, O\u015brodek Radia Studenckiego, 44-100 Gliwice, ul. \u0141u\u017cycka 30 Telefon do OT: 600 653 310 &#8211; SQ9DXN -prezes OT50 Strona WWW: pzk.ovh E-mail: pzk.gliwice(o)gmail.comPrezes-E-mail: sq9dxn(o)poczta.fm Numer rachunku bankowego: 22 1140 1010 0000 3533 4800 1024<\/p>\n","protected":false},"author":2,"featured_media":0,"parent":0,"menu_order":0,"comment_status":"closed","ping_status":"closed","template":"page-large-header","meta":{"_uag_custom_page_level_css":"","_themeisle_gutenberg_block_has_review":false,"footnotes":""},"class_list":["post-2544","page","type-page","status-publish","hentry"],"uagb_featured_image_src":{"full":false,"thumbnail":false,"medium":false,"medium_large":false,"large":false,"1536x1536":false,"2048x2048":false},"uagb_author_info":{"display_name":"MAc B.","author_link":"https:\/\/pzk.ovh\/?author=2"},"uagb_comment_info":0,"uagb_excerpt":"Dane kontaktowe Adres korespondencyjny: Andrzej Cha\u0142ubiec, O\u015brodek Radia Studenckiego, 44-100 Gliwice, ul. \u0141u\u017cycka 30 Telefon do OT: 600 653 310 &#8211; SQ9DXN -prezes OT50 Strona WWW: pzk.ovh E-mail: pzk.gliwice(o)gmail.comPrezes-E-mail: sq9dxn(o)poczta.fm Numer rachunku bankowego: 22 1140 1010 0000 3533 4800 1024","jetpack_sharing_enabled":true,"_links":{"self":[{"href":"https:\/\/pzk.ovh\/index.php?rest_route=\/wp\/v2\/pages\/2544","targetHints":{"allow":["GET"]}}],"collection":[{"href":"https:\/\/pzk.ovh\/index.php?rest_route=\/wp\/v2\/pages"}],"about":[{"href":"https:\/\/pzk.ovh\/index.php?rest_route=\/wp\/v2\/types\/page"}],"author":[{"embeddable":true,"href":"https:\/\/pzk.ovh\/index.php?rest_route=\/wp\/v2\/users\/2"}],"replies":[{"embeddable":true,"href":"https:\/\/pzk.ovh\/index.php?rest_route=%2Fwp%2Fv2%2Fcomments&post=2544"}],"version-history":[{"count":8,"href":"https:\/\/pzk.ovh\/index.php?rest_route=\/wp\/v2\/pages\/2544\/revisions"}],"predecessor-version":[{"id":2671,"href":"https:\/\/pzk.ovh\/index.php?rest_route=\/wp\/v2\/pages\/2544\/revisions\/2671"}],"wp:attachment":[{"href":"https:\/\/pzk.ovh\/index.php?rest_route=%2Fwp%2Fv2%2Fmedia&parent=2544"}],"curies":[{"name":"wp","href":"https:\/\/api.w.org\/{rel}","templated":true}]}}