{"id":14,"date":"2019-07-29T22:01:33","date_gmt":"2019-07-29T20:01:33","guid":{"rendered":"http:\/\/pzk.ovh\/?page_id=14"},"modified":"2023-12-30T13:26:16","modified_gmt":"2023-12-30T12:26:16","slug":"team","status":"publish","type":"page","link":"https:\/\/pzk.ovh\/?page_id=14","title":{"rendered":"W\u0142adze OT50"},"content":{"rendered":"\n<div class=\"wp-block-uagb-advanced-heading uagb-block-c61d0219\"><h2 class=\"uagb-heading-text\">Podstawowe informacje<\/h2><div class=\"uagb-separator\"><\/div><p class=\"uagb-desc-text\"><strong>Adres korespondencyjny: <\/strong>Andrzej Cha\u0142ubiec, O\u015brodek Radia Studenckiego, <br>44-100 Gliwice,  ul. \u0141u\u017cycka 30<br><strong> Telefon do OT: <\/strong>600 653 310 &#8211; SQ9DXN &#8211; prezes OT50<br><strong> Strona WWW:<\/strong> pzk.ovh<br><strong> E-mail: <\/strong>pzk.gliwice(o)gmail.com<br><strong>Prezes-E-mail<\/strong>: <a href=\"mailto:sq9dxn@pzk.org.pl\" target=\"_blank\" rel=\"noreferrer noopener\">sq9dxn@pzk.org.pl<\/a><br><strong> Numer rachunku bankowego: <\/strong>22 1140 1010 0000 3533 4800 1024<\/p><\/div>\n\n\n\n<div class=\"wp-block-kadence-spacer aligncenter kt-block-spacer-14_e7d830-7e\"><div class=\"kt-block-spacer kt-block-spacer-halign-center\"><hr class=\"kt-divider\"\/><\/div><\/div>\n\n\n\n<h2 class=\"wp-block-heading has-text-align-center\" id=\"zarzad-oddzialu-terenowego-w-gliwicach-ot50\">Zarz\u0105d Oddzia\u0142u Terenowego w Gliwicach (OT50)<\/h2>\n\n\n\n<div class=\"wp-block-columns alignwide is-layout-flex wp-container-core-columns-is-layout-28f84493 wp-block-columns-is-layout-flex\">\n<div class=\"wp-block-column has-pale-cyan-blue-background-color has-background is-layout-flow wp-block-column-is-layout-flow\" style=\"padding-top:1em;padding-right:1em;padding-bottom:1em;padding-left:1em\">\n<h4 class=\"wp-block-heading has-text-align-center\" id=\"prezes\" style=\"margin-top:0px;margin-right:0px;margin-bottom:0px;margin-left:0px;font-size:var(--wp--custom--typography--font-size--gigantic, clamp(2.75rem, 6vw, 3.25rem));line-height:0.5\">Prezes<\/h4>\n\n\n\n<h2 class=\"wp-block-heading has-text-align-center has-x-large-font-size\" id=\"andrzej-chalubiec-sp9eno\"><em>Krzysztof<\/em><br><em> Michalok SQ9DXN<\/em><\/h2>\n\n\n\n<div class=\"wp-block-uagb-image aligncenter uagb-block-17014d0a wp-block-uagb-image--layout-default wp-block-uagb-image--effect-static wp-block-uagb-image--align-center is-style-default\"><figure class=\"wp-block-uagb-image__figure\"><img decoding=\"async\" srcset=\"https:\/\/pzk.ovh\/wp-content\/uploads\/2019\/09\/SQ9DX1N.jpg ,https:\/\/pzk.ovh\/wp-content\/uploads\/2019\/09\/SQ9DX1N.jpg 780w, https:\/\/pzk.ovh\/wp-content\/uploads\/2019\/09\/SQ9DX1N.jpg 360w\" sizes=\"auto, (max-width: 480px) 150px\" src=\"https:\/\/pzk.ovh\/wp-content\/uploads\/2019\/09\/SQ9DX1N.jpg\" alt=\"\" class=\"uag-image-52\" width=\"290\" height=\"290\" title=\"\" loading=\"lazy\"\/><\/figure><\/div>\n\n\n\n<p><strong>Pan Prezes<\/strong><br>Cz\u0142owiek, kt\u00f3ry przez lata dba\u0142 o was lepiej ni\u017c matka i ojciec razem wzi\u0119ci. Dostarcza\u0142 wam stosy kart QSL a teraz jeszcze bardziej otoczy Wa sw\u0105 trosk\u0105 i zadba o rzeczy podstawowe. Niekt\u00f3rzy m\u00f3wi\u0105 &#8222;pryncypia&#8221; inni &#8222;imponderabilia&#8221;. My m\u00f3wimy o nich &#8222;oddzia\u0142owa codzienno\u015b\u0107 w uj\u0119ciu metafizycznym&#8221;. <br><strong>Go\u015b\u0107 z zasadami.<\/strong><br><\/p>\n\n\n\n<div style=\"height:16px\" aria-hidden=\"true\" class=\"wp-block-spacer\"><\/div>\n<\/div>\n\n\n\n<div class=\"wp-block-column has-secondary-background-color has-background is-layout-flow wp-block-column-is-layout-flow\" style=\"padding-top:1em;padding-right:1em;padding-bottom:1em;padding-left:1em\">\n<h4 class=\"wp-block-heading has-text-align-center\" id=\"skarbnik\" style=\"margin-top:0px;margin-right:0px;margin-bottom:0px;margin-left:0px;font-size:clamp(2.75rem, 6vw, 3.25rem);line-height:0.5\">Skarbnik<\/h4>\n\n\n\n<h2 class=\"wp-block-heading has-text-align-center has-x-large-font-size\" id=\"krzysztof-michalok-sq9dxn\"><meta charset=\"utf-8\"><\/meta><em>Sebastian <\/em><br><em>P\u0142aza\u00a0 <\/em><br><em>SP9BX<\/em><\/h2>\n\n\n\n<div class=\"wp-block-uagb-image aligncenter uagb-block-07f3a6a1 wp-block-uagb-image--layout-default wp-block-uagb-image--effect-static wp-block-uagb-image--align-center is-style-default\"><figure class=\"wp-block-uagb-image__figure\"><img decoding=\"async\" srcset=\"https:\/\/pzk.ovh\/wp-content\/uploads\/2022\/02\/Logo_PZK_h40_96dpi.png ,https:\/\/pzk.ovh\/wp-content\/uploads\/2022\/02\/Logo_PZK_h40_96dpi.png 780w, https:\/\/pzk.ovh\/wp-content\/uploads\/2022\/02\/Logo_PZK_h40_96dpi.png 360w\" sizes=\"auto, (max-width: 480px) 150px\" src=\"https:\/\/pzk.ovh\/wp-content\/uploads\/2022\/02\/Logo_PZK_h40_96dpi.png\" alt=\"\" class=\"uag-image-2343\" width=\"72\" height=\"281\" title=\"\" loading=\"lazy\"\/><\/figure><\/div>\n\n\n\n<p><strong>Bankier z wyboru.<\/strong> Zadba, wyci\u015bnie, zgromadzi a na ko\u0144cu z b\u00f3lem wyda. No bo w ko\u0144cu pieni\u0105dze s\u0105 po to, \u017ceby je wydawa\u0107. <br><strong>Facet z kas\u0105.<\/strong><br><\/p>\n\n\n\n<div style=\"height:16px\" aria-hidden=\"true\" class=\"wp-block-spacer\"><\/div>\n<\/div>\n\n\n\n<div class=\"wp-block-column has-pale-cyan-blue-background-color has-background is-layout-flow wp-block-column-is-layout-flow\" style=\"padding-top:1em;padding-right:1em;padding-bottom:1em;padding-left:1em\">\n<h4 class=\"wp-block-heading has-text-align-center\" id=\"sekretarz\" style=\"margin-top:0px;margin-right:0px;margin-bottom:0px;margin-left:0px;font-size:clamp(2.75rem, 6vw, 3.25rem);line-height:0.5\">Sekretarz<\/h4>\n\n\n\n<h2 class=\"wp-block-heading has-text-align-center has-x-large-font-size\" id=\"piotr-wegiereksp9bif\"><meta charset=\"utf-8\"><\/meta><em>Piotr <\/em><br><em>W\u0119gierek<\/em><br>SP9BIF<\/h2>\n\n\n\n<div class=\"wp-block-uagb-image uagb-block-0123c1fe wp-block-uagb-image--layout-default wp-block-uagb-image--effect-static wp-block-uagb-image--align-none is-style-default\"><figure class=\"wp-block-uagb-image__figure\"><img decoding=\"async\"  sizes=\"auto, (max-width: 480px) 150px\" src=\"https:\/\/pzk.ovh\/wp-content\/uploads\/2019\/09\/sp9bi1f.jpg\" alt=\"\" width=\"282\" height=\"290\" title=\"\" loading=\"lazy\"\/><\/figure><\/div>\n\n\n\n<p><strong>Facet od spisywania waszych czyn\u00f3w.<\/strong><br> Bez d\u0142ugopisu czu\u0142by si\u0119 samotnie. Jego podstawowym zadaniem jest spisywanie cudzych czyn\u00f3w i dostarczanie ich hierarchom w postaci protoko\u0142\u00f3w.<br><strong>Cz\u0142owiek, kt\u00f3ry pisze i podpisuje, bez wzgl\u0119du na konsekwencje.<\/strong><\/p>\n\n\n\n<div style=\"height:16px\" aria-hidden=\"true\" class=\"wp-block-spacer\"><\/div>\n<\/div>\n<\/div>\n\n\n\n<h3 class=\"wp-block-heading has-text-align-center\" id=\"oddzialowa-komisja-rewizyjna\">Oddzia\u0142owa Komisja Rewizyjna<\/h3>\n\n\n\n<p class=\"has-text-align-center\">Je\u017celi nie podoba Wam si\u0119 to co robi\u0105 ci faceci na zdj\u0119ciach powy\u017cej, to poskar\u017ccie si\u0119 tym facetom poni\u017cej. Wtedy ci z do\u0142u zrobi\u0105 tym z g\u00f3ry jesie\u0144 \u015bredniowiecza<\/p>\n\n\n\n<p class=\"has-text-align-center\">Przewodnicz\u0105cy:\u00a0 Franciszek Baraniuk <strong>SQ9NFB<\/strong><br>Sekretarz:  Wac\u0142aw Ku\u015b <strong>SP9WZP<\/strong><br>Cz\u0142onek:\u00a0 Marcin Karwat\u00a0 <strong>SP9MK<\/strong><\/p>\n\n\n\n<p class=\"has-text-align-center\"><br><br><\/p>\n\n\n\n<h3 class=\"wp-block-heading has-text-align-center\" id=\"delegaci-na-zjazd-krajowy-delegatow-pzk\">Delegaci na Zjazd Krajowy Delegat\u00f3w PZK<\/h3>\n\n\n\n<div class=\"wp-block-columns is-layout-flex wp-container-core-columns-is-layout-28f84493 wp-block-columns-is-layout-flex\">\n<div class=\"wp-block-column is-layout-flow wp-block-column-is-layout-flow\">\n<div class=\"wp-block-uagb-image aligncenter uagb-block-c87246a3 wp-block-uagb-image--layout-default wp-block-uagb-image--effect-static wp-block-uagb-image--align-center\"><figure class=\"wp-block-uagb-image__figure\"><img decoding=\"async\"  sizes=\"auto, (max-width: 480px) 150px\" src=\"https:\/\/pzk.ovh\/wp-content\/uploads\/2019\/09\/SQ9DX1N.jpg\" alt=\"\" width=\"299\" height=\"281\" title=\"\" loading=\"lazy\"\/><\/figure><\/div>\n<\/div>\n\n\n\n<div class=\"wp-block-column is-layout-flow wp-block-column-is-layout-flow\">\n<div class=\"wp-block-uagb-image aligncenter uagb-block-ad763113 wp-block-uagb-image--layout-default wp-block-uagb-image--effect-static wp-block-uagb-image--align-center\"><figure class=\"wp-block-uagb-image__figure\"><img decoding=\"async\"  sizes=\"auto, (max-width: 480px) 150px\" src=\"https:\/\/pzk.ovh\/wp-content\/uploads\/2021\/01\/HPIM5797c-e1645478922901.jpg\" alt=\"\" width=\"299\" height=\"281\" title=\"\" loading=\"lazy\"\/><\/figure><\/div>\n<\/div>\n<\/div>\n\n\n\n<p class=\"has-text-align-center\">Krzysztof Michalok SQ9DXN i Andrzej Cha\u0142ubiec SP9ENO <\/p>\n","protected":false},"excerpt":{"rendered":"<p>Podstawowe informacje Adres korespondencyjny: Andrzej Cha\u0142ubiec, O\u015brodek Radia Studenckiego, 44-100 Gliwice, ul. \u0141u\u017cycka 30 Telefon do OT: 600 653 310 &#8211; SQ9DXN &#8211; prezes OT50 Strona WWW: pzk.ovh E-mail: pzk.gliwice(o)gmail.comPrezes-E-mail: sq9dxn@pzk.org.pl Numer rachunku bankowego: 22 1140 1010 0000 3533 4800 1024 Zarz\u0105d Oddzia\u0142u Terenowego w Gliwicach (OT50) Prezes Krzysztof Michalok SQ9DXN Pan PrezesCz\u0142owiek, kt\u00f3ry przez [&hellip;]<\/p>\n","protected":false},"author":2,"featured_media":0,"parent":0,"menu_order":0,"comment_status":"closed","ping_status":"closed","template":"page-large-header","meta":{"_uag_custom_page_level_css":"","_themeisle_gutenberg_block_has_review":false,"footnotes":""},"class_list":["post-14","page","type-page","status-publish","hentry"],"uagb_featured_image_src":{"full":false,"thumbnail":false,"medium":false,"medium_large":false,"large":false,"1536x1536":false,"2048x2048":false},"uagb_author_info":{"display_name":"MAc B.","author_link":"https:\/\/pzk.ovh\/?author=2"},"uagb_comment_info":0,"uagb_excerpt":"Podstawowe informacje Adres korespondencyjny: Andrzej Cha\u0142ubiec, O\u015brodek Radia Studenckiego, 44-100 Gliwice, ul. \u0141u\u017cycka 30 Telefon do OT: 600 653 310 &#8211; SQ9DXN &#8211; prezes OT50 Strona WWW: pzk.ovh E-mail: pzk.gliwice(o)gmail.comPrezes-E-mail: sq9dxn@pzk.org.pl Numer rachunku bankowego: 22 1140 1010 0000 3533 4800 1024 Zarz\u0105d Oddzia\u0142u Terenowego w Gliwicach (OT50) Prezes Krzysztof Michalok SQ9DXN Pan PrezesCz\u0142owiek, kt\u00f3ry przez&hellip;","jetpack_sharing_enabled":true,"_links":{"self":[{"href":"https:\/\/pzk.ovh\/index.php?rest_route=\/wp\/v2\/pages\/14","targetHints":{"allow":["GET"]}}],"collection":[{"href":"https:\/\/pzk.ovh\/index.php?rest_route=\/wp\/v2\/pages"}],"about":[{"href":"https:\/\/pzk.ovh\/index.php?rest_route=\/wp\/v2\/types\/page"}],"author":[{"embeddable":true,"href":"https:\/\/pzk.ovh\/index.php?rest_route=\/wp\/v2\/users\/2"}],"replies":[{"embeddable":true,"href":"https:\/\/pzk.ovh\/index.php?rest_route=%2Fwp%2Fv2%2Fcomments&post=14"}],"version-history":[{"count":35,"href":"https:\/\/pzk.ovh\/index.php?rest_route=\/wp\/v2\/pages\/14\/revisions"}],"predecessor-version":[{"id":2662,"href":"https:\/\/pzk.ovh\/index.php?rest_route=\/wp\/v2\/pages\/14\/revisions\/2662"}],"wp:attachment":[{"href":"https:\/\/pzk.ovh\/index.php?rest_route=%2Fwp%2Fv2%2Fmedia&parent=14"}],"curies":[{"name":"wp","href":"https:\/\/api.w.org\/{rel}","templated":true}]}}